{"id":26318,"date":"2026-03-09T02:41:52","date_gmt":"2026-03-09T02:41:52","guid":{"rendered":"https:\/\/lahicotea.com\/?page_id=26318"},"modified":"2026-03-19T23:22:27","modified_gmt":"2026-03-19T23:22:27","slug":"historia","status":"publish","type":"page","link":"https:\/\/lahicotea.com\/en\/historia\/","title":{"rendered":"History"},"content":{"rendered":"<div data-elementor-type=\"wp-page\" data-elementor-id=\"26318\" class=\"elementor elementor-26318\">\n\t\t\t\t\t\t<section class=\"elementor-section elementor-top-section elementor-element elementor-element-vcqyegn elementor-section-content-middle elementor-reverse-mobile elementor-section-boxed elementor-section-height-default elementor-section-height-default\" data-id=\"vcqyegn\" data-element_type=\"section\" data-e-type=\"section\" data-settings=\"{&quot;background_background&quot;:&quot;classic&quot;}\">\n\t\t\t\t\t\t\t<div class=\"elementor-background-overlay\"><\/div>\n\t\t\t\t\t\t\t<div class=\"elementor-container elementor-column-gap-default\">\n\t\t\t\t\t<div class=\"elementor-column elementor-col-100 elementor-top-column elementor-element elementor-element-f06ae43\" data-id=\"f06ae43\" data-element_type=\"column\" data-e-type=\"column\">\n\t\t\t<div class=\"elementor-widget-wrap elementor-element-populated\">\n\t\t\t\t\t\t<div class=\"elementor-element elementor-element-d9dd438 elementor-widget-divider--view-line_text elementor-widget-divider--element-align-center elementor-widget elementor-widget-divider\" data-id=\"d9dd438\" data-element_type=\"widget\" data-e-type=\"widget\" data-widget_type=\"divider.default\">\n\t\t\t\t<div class=\"elementor-widget-container\">\n\t\t\t\t\t\t\t<div class=\"elementor-divider\">\n\t\t\t<span class=\"elementor-divider-separator\">\n\t\t\t\t\t\t\t<span class=\"elementor-divider__text elementor-divider__element\">\n\t\t\t\tLAGUNA DE GUATAVITA\t\t\t\t<\/span>\n\t\t\t\t\t\t<\/span>\n\t\t<\/div>\n\t\t\t\t\t\t<\/div>\n\t\t\t\t<\/div>\n\t\t\t\t<div class=\"elementor-element elementor-element-778630b elementor-widget elementor-widget-heading\" data-id=\"778630b\" data-element_type=\"widget\" data-e-type=\"widget\" data-widget_type=\"heading.default\">\n\t\t\t\t<div class=\"elementor-widget-container\">\n\t\t\t\t\t<h2 class=\"elementor-heading-title elementor-size-default\">HISTORIA<\/h2>\t\t\t\t<\/div>\n\t\t\t\t<\/div>\n\t\t\t\t<div class=\"elementor-element elementor-element-78725fa elementor-widget elementor-widget-text-editor\" data-id=\"78725fa\" data-element_type=\"widget\" data-e-type=\"widget\" data-widget_type=\"text-editor.default\">\n\t\t\t\t<div class=\"elementor-widget-container\">\n\t\t\t\t\t\t\t\t\t<p>We were not born as an alcoholic project.\u00a0<\/p><p>We were born as an environmental project in search of productive and sustainable models for the mountains.<\/p>\t\t\t\t\t\t\t\t<\/div>\n\t\t\t\t<\/div>\n\t\t\t\t\t<\/div>\n\t\t<\/div>\n\t\t\t\t\t<\/div>\n\t\t<\/section>\n\t\t<div class=\"elementor-element elementor-element-84a447c e-flex e-con-boxed e-con e-parent\" data-id=\"84a447c\" data-element_type=\"container\" data-e-type=\"container\">\n\t\t\t\t\t<div class=\"e-con-inner\">\n\t\t\t\t<div class=\"elementor-element elementor-element-17c2669 elementor-widget elementor-widget-video\" data-id=\"17c2669\" data-element_type=\"widget\" data-e-type=\"widget\" data-settings=\"{&quot;youtube_url&quot;:&quot;https:\\\/\\\/youtu.be\\\/aI9-xJ0Vjf0?si=m7OYojuUkjs16dwu&quot;,&quot;video_type&quot;:&quot;youtube&quot;,&quot;controls&quot;:&quot;yes&quot;}\" data-widget_type=\"video.default\">\n\t\t\t\t<div class=\"elementor-widget-container\">\n\t\t\t\t\t\t\t<div class=\"elementor-wrapper elementor-open-inline\">\n\t\t\t<div class=\"elementor-video\"><\/div>\t\t<\/div>\n\t\t\t\t\t\t<\/div>\n\t\t\t\t<\/div>\n\t\t\t\t\t<\/div>\n\t\t\t\t<\/div>\n\t\t\t\t<section class=\"elementor-section elementor-top-section elementor-element elementor-element-01c625b elementor-section-content-middle elementor-section-boxed elementor-section-height-default elementor-section-height-default\" data-id=\"01c625b\" data-element_type=\"section\" data-e-type=\"section\" data-settings=\"{&quot;background_background&quot;:&quot;classic&quot;}\">\n\t\t\t\t\t\t<div class=\"elementor-container elementor-column-gap-default\">\n\t\t\t\t\t<div class=\"elementor-column elementor-col-100 elementor-top-column elementor-element elementor-element-a224017\" data-id=\"a224017\" data-element_type=\"column\" data-e-type=\"column\">\n\t\t\t<div class=\"elementor-widget-wrap elementor-element-populated\">\n\t\t\t\t\t\t<div class=\"elementor-element elementor-element-0bf3295 elementor-widget elementor-widget-heading\" data-id=\"0bf3295\" data-element_type=\"widget\" data-e-type=\"widget\" data-widget_type=\"heading.default\">\n\t\t\t\t<div class=\"elementor-widget-container\">\n\t\t\t\t\t<h3 class=\"elementor-heading-title elementor-size-medium\">PRODUCTS FOR EXPORT.\n\nNOT AVAILABLE FOR PUBLIC SALE IN COLOMBIA<\/h3>\t\t\t\t<\/div>\n\t\t\t\t<\/div>\n\t\t\t\t<div class=\"elementor-element elementor-element-cea522c elementor-widget__width-initial elementor-widget elementor-widget-image\" data-id=\"cea522c\" data-element_type=\"widget\" data-e-type=\"widget\" data-widget_type=\"image.default\">\n\t\t\t\t<div class=\"elementor-widget-container\">\n\t\t\t\t\t\t\t\t\t\t\t\t\t\t\t<img fetchpriority=\"high\" decoding=\"async\" width=\"760\" height=\"709\" src=\"https:\/\/lahicotea.com\/wp-content\/uploads\/2025\/06\/DV-logo.jpg\" class=\"attachment-large size-large wp-image-25669\" alt=\"\" srcset=\"https:\/\/lahicotea.com\/wp-content\/uploads\/2025\/06\/DV-logo.jpg 760w, https:\/\/lahicotea.com\/wp-content\/uploads\/2025\/06\/DV-logo-300x280.jpg 300w, https:\/\/lahicotea.com\/wp-content\/uploads\/2025\/06\/DV-logo-13x12.jpg 13w\" sizes=\"(max-width: 760px) 100vw, 760px\" \/>\t\t\t\t\t\t\t\t\t\t\t\t\t\t\t<\/div>\n\t\t\t\t<\/div>\n\t\t\t\t<div class=\"elementor-element elementor-element-87638e8 elementor-widget__width-initial elementor-widget elementor-widget-heading\" data-id=\"87638e8\" data-element_type=\"widget\" data-e-type=\"widget\" data-widget_type=\"heading.default\">\n\t\t\t\t<div class=\"elementor-widget-container\">\n\t\t\t\t\t<h6 class=\"elementor-heading-title elementor-size-default\">REGISTRO INVIMA EN TR\u00c1MITE\n\n<\/h6>\t\t\t\t<\/div>\n\t\t\t\t<\/div>\n\t\t\t\t\t<\/div>\n\t\t<\/div>\n\t\t\t\t\t<\/div>\n\t\t<\/section>\n\t\t\t\t<section class=\"elementor-section elementor-top-section elementor-element elementor-element-7d0012c elementor-section-content-middle elementor-section-boxed elementor-section-height-default elementor-section-height-default\" data-id=\"7d0012c\" data-element_type=\"section\" data-e-type=\"section\" data-settings=\"{&quot;background_background&quot;:&quot;classic&quot;}\">\n\t\t\t\t\t\t<div class=\"elementor-container elementor-column-gap-default\">\n\t\t\t\t\t<div class=\"elementor-column elementor-col-66 elementor-top-column elementor-element elementor-element-4aee958\" data-id=\"4aee958\" data-element_type=\"column\" data-e-type=\"column\">\n\t\t\t<div class=\"elementor-widget-wrap elementor-element-populated\">\n\t\t\t\t\t\t<div class=\"elementor-element elementor-element-b8a0b71 elementor-widget elementor-widget-heading\" data-id=\"b8a0b71\" data-element_type=\"widget\" data-e-type=\"widget\" data-widget_type=\"heading.default\">\n\t\t\t\t<div class=\"elementor-widget-container\">\n\t\t\t\t\t<h3 class=\"elementor-heading-title elementor-size-medium\">EXCESSIVE ALCOHOL CONSUMPTION IS HARMFUL TO YOUR HEALTH <\/h3>\t\t\t\t<\/div>\n\t\t\t\t<\/div>\n\t\t\t\t<div class=\"elementor-element elementor-element-1a9f23d elementor-widget elementor-widget-heading\" data-id=\"1a9f23d\" data-element_type=\"widget\" data-e-type=\"widget\" data-widget_type=\"heading.default\">\n\t\t\t\t<div class=\"elementor-widget-container\">\n\t\t\t\t\t<h5 class=\"elementor-heading-title elementor-size-default\">The sale of alcoholic beverages to minors is prohibited.<\/h5>\t\t\t\t<\/div>\n\t\t\t\t<\/div>\n\t\t\t\t\t<\/div>\n\t\t<\/div>\n\t\t\t\t<div class=\"elementor-column elementor-col-33 elementor-top-column elementor-element elementor-element-1c9c968\" data-id=\"1c9c968\" data-element_type=\"column\" data-e-type=\"column\" data-settings=\"{&quot;background_background&quot;:&quot;classic&quot;}\">\n\t\t\t<div class=\"elementor-widget-wrap elementor-element-populated\">\n\t\t\t\t\t\t<div class=\"elementor-element elementor-element-becf47c elementor-widget elementor-widget-image\" data-id=\"becf47c\" data-element_type=\"widget\" data-e-type=\"widget\" data-widget_type=\"image.default\">\n\t\t\t\t<div class=\"elementor-widget-container\">\n\t\t\t\t\t\t\t\t\t\t\t\t\t\t\t<img decoding=\"async\" width=\"1024\" height=\"1007\" src=\"https:\/\/lahicotea.com\/wp-content\/uploads\/2026\/03\/don-vicente2-1024x1007.jpg\" class=\"attachment-large size-large wp-image-26355\" alt=\"\" srcset=\"https:\/\/lahicotea.com\/wp-content\/uploads\/2026\/03\/don-vicente2-1024x1007.jpg 1024w, https:\/\/lahicotea.com\/wp-content\/uploads\/2026\/03\/don-vicente2-300x295.jpg 300w, https:\/\/lahicotea.com\/wp-content\/uploads\/2026\/03\/don-vicente2-768x755.jpg 768w, https:\/\/lahicotea.com\/wp-content\/uploads\/2026\/03\/don-vicente2-12x12.jpg 12w, https:\/\/lahicotea.com\/wp-content\/uploads\/2026\/03\/don-vicente2.jpg 1207w\" sizes=\"(max-width: 1024px) 100vw, 1024px\" \/>\t\t\t\t\t\t\t\t\t\t\t\t\t\t\t<\/div>\n\t\t\t\t<\/div>\n\t\t\t\t\t<\/div>\n\t\t<\/div>\n\t\t\t\t\t<\/div>\n\t\t<\/section>\n\t\t\t\t<\/div>","protected":false},"excerpt":{"rendered":"<p>LAGUNA DE GUATAVITA HISTORIA No nacimos como un proyecto alcoh\u00f3lico.\u00a0 Nacimos como un proyecto ambiental en\u00a0 busca de modelos productivos y sostenibles para la monta\u00f1a. https:\/\/youtu.be\/aI9-xJ0Vjf0?si=m7OYojuUkjs16dwu PRODUCTOS PARA EXPORTACI\u00d3N. NO DISPONIBLES PARA VENTA P\u00daBLICA EN COLOMBIA REGISTRO INVIMA EN TR\u00c1MITE EL EXCESO DE ALCOHOL ES PERJUDICIAL PARA LA SALUD Proh\u00edbese el expendio de bebidas embriagantes [&hellip;]<\/p>\n","protected":false},"author":1,"featured_media":0,"parent":0,"menu_order":0,"comment_status":"closed","ping_status":"closed","template":"","meta":{"_uag_custom_page_level_css":"","site-sidebar-layout":"no-sidebar","site-content-layout":"page-builder","ast-site-content-layout":"full-width-container","site-content-style":"default","site-sidebar-style":"default","ast-global-header-display":"","ast-banner-title-visibility":"","ast-main-header-display":"","ast-hfb-above-header-display":"","ast-hfb-below-header-display":"","ast-hfb-mobile-header-display":"","site-post-title":"","ast-breadcrumbs-content":"","ast-featured-img":"disabled","footer-sml-layout":"","ast-disable-related-posts":"","theme-transparent-header-meta":"","adv-header-id-meta":"","stick-header-meta":"","header-above-stick-meta":"","header-main-stick-meta":"","header-below-stick-meta":"","astra-migrate-meta-layouts":"default","ast-page-background-enabled":"default","ast-page-background-meta":{"desktop":{"background-color":"var(--ast-global-color-4)","background-image":"","background-repeat":"repeat","background-position":"center center","background-size":"auto","background-attachment":"scroll","background-type":"","background-media":"","overlay-type":"","overlay-color":"","overlay-opacity":"","overlay-gradient":""},"tablet":{"background-color":"","background-image":"","background-repeat":"repeat","background-position":"center center","background-size":"auto","background-attachment":"scroll","background-type":"","background-media":"","overlay-type":"","overlay-color":"","overlay-opacity":"","overlay-gradient":""},"mobile":{"background-color":"","background-image":"","background-repeat":"repeat","background-position":"center center","background-size":"auto","background-attachment":"scroll","background-type":"","background-media":"","overlay-type":"","overlay-color":"","overlay-opacity":"","overlay-gradient":""}},"ast-content-background-meta":{"desktop":{"background-color":"var(--ast-global-color-5)","background-image":"","background-repeat":"repeat","background-position":"center center","background-size":"auto","background-attachment":"scroll","background-type":"","background-media":"","overlay-type":"","overlay-color":"","overlay-opacity":"","overlay-gradient":""},"tablet":{"background-color":"var(--ast-global-color-5)","background-image":"","background-repeat":"repeat","background-position":"center center","background-size":"auto","background-attachment":"scroll","background-type":"","background-media":"","overlay-type":"","overlay-color":"","overlay-opacity":"","overlay-gradient":""},"mobile":{"background-color":"var(--ast-global-color-5)","background-image":"","background-repeat":"repeat","background-position":"center center","background-size":"auto","background-attachment":"scroll","background-type":"","background-media":"","overlay-type":"","overlay-color":"","overlay-opacity":"","overlay-gradient":""}},"footnotes":""},"class_list":["post-26318","page","type-page","status-publish","hentry"],"yoast_head":"<!-- This site is optimized with the Yoast SEO plugin v27.4 - https:\/\/yoast.com\/product\/yoast-seo-wordpress\/ -->\n<title>Historia - LA HICOTEA SPIRITS<\/title>\n<meta name=\"robots\" content=\"index, follow, max-snippet:-1, max-image-preview:large, max-video-preview:-1\" \/>\n<link rel=\"canonical\" href=\"https:\/\/lahicotea.com\/en\/historia\/\" \/>\n<meta property=\"og:locale\" content=\"en_US\" \/>\n<meta property=\"og:type\" content=\"article\" \/>\n<meta property=\"og:title\" content=\"Historia - LA HICOTEA SPIRITS\" \/>\n<meta property=\"og:description\" content=\"LAGUNA DE GUATAVITA HISTORIA No nacimos como un proyecto alcoh\u00f3lico.\u00a0 Nacimos como un proyecto ambiental en\u00a0 busca de modelos productivos y sostenibles para la monta\u00f1a. https:\/\/youtu.be\/aI9-xJ0Vjf0?si=m7OYojuUkjs16dwu PRODUCTOS PARA EXPORTACI\u00d3N. NO DISPONIBLES PARA VENTA P\u00daBLICA EN COLOMBIA REGISTRO INVIMA EN TR\u00c1MITE EL EXCESO DE ALCOHOL ES PERJUDICIAL PARA LA SALUD Proh\u00edbese el expendio de bebidas embriagantes [&hellip;]\" \/>\n<meta property=\"og:url\" content=\"https:\/\/lahicotea.com\/en\/historia\/\" \/>\n<meta property=\"og:site_name\" content=\"LA HICOTEA SPIRITS\" \/>\n<meta property=\"article:modified_time\" content=\"2026-03-19T23:22:27+00:00\" \/>\n<meta property=\"og:image\" content=\"http:\/\/lahicotea.com\/wp-content\/uploads\/2025\/06\/DV-logo.jpg\" \/>\n<meta name=\"twitter:card\" content=\"summary_large_image\" \/>\n<meta name=\"twitter:label1\" content=\"Est. reading time\" \/>\n\t<meta name=\"twitter:data1\" content=\"1 minute\" \/>\n<script type=\"application\/ld+json\" class=\"yoast-schema-graph\">{\"@context\":\"https:\\\/\\\/schema.org\",\"@graph\":[{\"@type\":\"WebPage\",\"@id\":\"https:\\\/\\\/lahicotea.com\\\/historia\\\/\",\"url\":\"https:\\\/\\\/lahicotea.com\\\/historia\\\/\",\"name\":\"Historia - LA HICOTEA SPIRITS\",\"isPartOf\":{\"@id\":\"https:\\\/\\\/lahicotea.com\\\/#website\"},\"primaryImageOfPage\":{\"@id\":\"https:\\\/\\\/lahicotea.com\\\/historia\\\/#primaryimage\"},\"image\":{\"@id\":\"https:\\\/\\\/lahicotea.com\\\/historia\\\/#primaryimage\"},\"thumbnailUrl\":\"http:\\\/\\\/lahicotea.com\\\/wp-content\\\/uploads\\\/2025\\\/06\\\/DV-logo.jpg\",\"datePublished\":\"2026-03-09T02:41:52+00:00\",\"dateModified\":\"2026-03-19T23:22:27+00:00\",\"breadcrumb\":{\"@id\":\"https:\\\/\\\/lahicotea.com\\\/historia\\\/#breadcrumb\"},\"inLanguage\":\"en-US\",\"potentialAction\":[{\"@type\":\"ReadAction\",\"target\":[\"https:\\\/\\\/lahicotea.com\\\/historia\\\/\"]}]},{\"@type\":\"ImageObject\",\"inLanguage\":\"en-US\",\"@id\":\"https:\\\/\\\/lahicotea.com\\\/historia\\\/#primaryimage\",\"url\":\"http:\\\/\\\/lahicotea.com\\\/wp-content\\\/uploads\\\/2025\\\/06\\\/DV-logo.jpg\",\"contentUrl\":\"http:\\\/\\\/lahicotea.com\\\/wp-content\\\/uploads\\\/2025\\\/06\\\/DV-logo.jpg\"},{\"@type\":\"BreadcrumbList\",\"@id\":\"https:\\\/\\\/lahicotea.com\\\/historia\\\/#breadcrumb\",\"itemListElement\":[{\"@type\":\"ListItem\",\"position\":1,\"name\":\"Portada\",\"item\":\"https:\\\/\\\/lahicotea.com\\\/\"},{\"@type\":\"ListItem\",\"position\":2,\"name\":\"Historia\"}]},{\"@type\":\"WebSite\",\"@id\":\"https:\\\/\\\/lahicotea.com\\\/#website\",\"url\":\"https:\\\/\\\/lahicotea.com\\\/\",\"name\":\"LA HICOTEA SPIRITS\",\"description\":\"Turismo, experiencia en Guatavita con bebidas artesanales de quinua: cerveza, whisky, gin \",\"publisher\":{\"@id\":\"https:\\\/\\\/lahicotea.com\\\/#organization\"},\"alternateName\":\"experiencia turistica de catas y destilados en Guatavita, Sesquile, Guasca\",\"potentialAction\":[{\"@type\":\"SearchAction\",\"target\":{\"@type\":\"EntryPoint\",\"urlTemplate\":\"https:\\\/\\\/lahicotea.com\\\/?s={search_term_string}\"},\"query-input\":{\"@type\":\"PropertyValueSpecification\",\"valueRequired\":true,\"valueName\":\"search_term_string\"}}],\"inLanguage\":\"en-US\"},{\"@type\":\"Organization\",\"@id\":\"https:\\\/\\\/lahicotea.com\\\/#organization\",\"name\":\"LA HICOTEA SPIRITS\",\"url\":\"https:\\\/\\\/lahicotea.com\\\/\",\"logo\":{\"@type\":\"ImageObject\",\"inLanguage\":\"en-US\",\"@id\":\"https:\\\/\\\/lahicotea.com\\\/#\\\/schema\\\/logo\\\/image\\\/\",\"url\":\"https:\\\/\\\/lahicotea.com\\\/wp-content\\\/uploads\\\/2026\\\/03\\\/cropped-LOGO-HICOTEA-06-2.png\",\"contentUrl\":\"https:\\\/\\\/lahicotea.com\\\/wp-content\\\/uploads\\\/2026\\\/03\\\/cropped-LOGO-HICOTEA-06-2.png\",\"width\":582,\"height\":579,\"caption\":\"LA HICOTEA SPIRITS\"},\"image\":{\"@id\":\"https:\\\/\\\/lahicotea.com\\\/#\\\/schema\\\/logo\\\/image\\\/\"}}]}<\/script>\n<!-- \/ Yoast SEO plugin. -->","yoast_head_json":{"title":"Historia - LA HICOTEA SPIRITS","robots":{"index":"index","follow":"follow","max-snippet":"max-snippet:-1","max-image-preview":"max-image-preview:large","max-video-preview":"max-video-preview:-1"},"canonical":"https:\/\/lahicotea.com\/en\/historia\/","og_locale":"en_US","og_type":"article","og_title":"Historia - LA HICOTEA SPIRITS","og_description":"LAGUNA DE GUATAVITA HISTORIA No nacimos como un proyecto alcoh\u00f3lico.\u00a0 Nacimos como un proyecto ambiental en\u00a0 busca de modelos productivos y sostenibles para la monta\u00f1a. https:\/\/youtu.be\/aI9-xJ0Vjf0?si=m7OYojuUkjs16dwu PRODUCTOS PARA EXPORTACI\u00d3N. NO DISPONIBLES PARA VENTA P\u00daBLICA EN COLOMBIA REGISTRO INVIMA EN TR\u00c1MITE EL EXCESO DE ALCOHOL ES PERJUDICIAL PARA LA SALUD Proh\u00edbese el expendio de bebidas embriagantes [&hellip;]","og_url":"https:\/\/lahicotea.com\/en\/historia\/","og_site_name":"LA HICOTEA SPIRITS","article_modified_time":"2026-03-19T23:22:27+00:00","og_image":[{"url":"http:\/\/lahicotea.com\/wp-content\/uploads\/2025\/06\/DV-logo.jpg","type":"","width":"","height":""}],"twitter_card":"summary_large_image","twitter_misc":{"Est. reading time":"1 minute"},"schema":{"@context":"https:\/\/schema.org","@graph":[{"@type":"WebPage","@id":"https:\/\/lahicotea.com\/historia\/","url":"https:\/\/lahicotea.com\/historia\/","name":"Historia - LA HICOTEA SPIRITS","isPartOf":{"@id":"https:\/\/lahicotea.com\/#website"},"primaryImageOfPage":{"@id":"https:\/\/lahicotea.com\/historia\/#primaryimage"},"image":{"@id":"https:\/\/lahicotea.com\/historia\/#primaryimage"},"thumbnailUrl":"http:\/\/lahicotea.com\/wp-content\/uploads\/2025\/06\/DV-logo.jpg","datePublished":"2026-03-09T02:41:52+00:00","dateModified":"2026-03-19T23:22:27+00:00","breadcrumb":{"@id":"https:\/\/lahicotea.com\/historia\/#breadcrumb"},"inLanguage":"en-US","potentialAction":[{"@type":"ReadAction","target":["https:\/\/lahicotea.com\/historia\/"]}]},{"@type":"ImageObject","inLanguage":"en-US","@id":"https:\/\/lahicotea.com\/historia\/#primaryimage","url":"http:\/\/lahicotea.com\/wp-content\/uploads\/2025\/06\/DV-logo.jpg","contentUrl":"http:\/\/lahicotea.com\/wp-content\/uploads\/2025\/06\/DV-logo.jpg"},{"@type":"BreadcrumbList","@id":"https:\/\/lahicotea.com\/historia\/#breadcrumb","itemListElement":[{"@type":"ListItem","position":1,"name":"Portada","item":"https:\/\/lahicotea.com\/"},{"@type":"ListItem","position":2,"name":"Historia"}]},{"@type":"WebSite","@id":"https:\/\/lahicotea.com\/#website","url":"https:\/\/lahicotea.com\/","name":"HICOTEA SPIRITS","description":"Turismo, experiencia en Guatavita con bebidas artesanales de quinua: cerveza, whisky, gin","publisher":{"@id":"https:\/\/lahicotea.com\/#organization"},"alternateName":"experiencia turistica de catas y destilados en Guatavita, Sesquile, Guasca","potentialAction":[{"@type":"SearchAction","target":{"@type":"EntryPoint","urlTemplate":"https:\/\/lahicotea.com\/?s={search_term_string}"},"query-input":{"@type":"PropertyValueSpecification","valueRequired":true,"valueName":"search_term_string"}}],"inLanguage":"en-US"},{"@type":"Organization","@id":"https:\/\/lahicotea.com\/#organization","name":"HICOTEA SPIRITS","url":"https:\/\/lahicotea.com\/","logo":{"@type":"ImageObject","inLanguage":"en-US","@id":"https:\/\/lahicotea.com\/#\/schema\/logo\/image\/","url":"https:\/\/lahicotea.com\/wp-content\/uploads\/2026\/03\/cropped-LOGO-HICOTEA-06-2.png","contentUrl":"https:\/\/lahicotea.com\/wp-content\/uploads\/2026\/03\/cropped-LOGO-HICOTEA-06-2.png","width":582,"height":579,"caption":"LA HICOTEA SPIRITS"},"image":{"@id":"https:\/\/lahicotea.com\/#\/schema\/logo\/image\/"}}]}},"uagb_featured_image_src":{"full":false,"thumbnail":false,"medium":false,"medium_large":false,"large":false,"1536x1536":false,"2048x2048":false,"trp-custom-language-flag":false},"uagb_author_info":{"display_name":"admin","author_link":"https:\/\/lahicotea.com\/en\/author\/admin\/"},"uagb_comment_info":0,"uagb_excerpt":"LAGUNA DE GUATAVITA HISTORIA No nacimos como un proyecto alcoh\u00f3lico.\u00a0 Nacimos como un proyecto ambiental en\u00a0 busca de modelos productivos y sostenibles para la monta\u00f1a. https:\/\/youtu.be\/aI9-xJ0Vjf0?si=m7OYojuUkjs16dwu PRODUCTOS PARA EXPORTACI\u00d3N. NO DISPONIBLES PARA VENTA P\u00daBLICA EN COLOMBIA REGISTRO INVIMA EN TR\u00c1MITE EL EXCESO DE ALCOHOL ES PERJUDICIAL PARA LA SALUD Proh\u00edbese el expendio de bebidas embriagantes&hellip;","_links":{"self":[{"href":"https:\/\/lahicotea.com\/en\/wp-json\/wp\/v2\/pages\/26318","targetHints":{"allow":["GET"]}}],"collection":[{"href":"https:\/\/lahicotea.com\/en\/wp-json\/wp\/v2\/pages"}],"about":[{"href":"https:\/\/lahicotea.com\/en\/wp-json\/wp\/v2\/types\/page"}],"author":[{"embeddable":true,"href":"https:\/\/lahicotea.com\/en\/wp-json\/wp\/v2\/users\/1"}],"replies":[{"embeddable":true,"href":"https:\/\/lahicotea.com\/en\/wp-json\/wp\/v2\/comments?post=26318"}],"version-history":[{"count":15,"href":"https:\/\/lahicotea.com\/en\/wp-json\/wp\/v2\/pages\/26318\/revisions"}],"predecessor-version":[{"id":26470,"href":"https:\/\/lahicotea.com\/en\/wp-json\/wp\/v2\/pages\/26318\/revisions\/26470"}],"wp:attachment":[{"href":"https:\/\/lahicotea.com\/en\/wp-json\/wp\/v2\/media?parent=26318"}],"curies":[{"name":"wp","href":"https:\/\/api.w.org\/{rel}","templated":true}]}}